{"id":3704,"date":"2025-06-09T07:01:56","date_gmt":"2025-06-09T07:01:56","guid":{"rendered":"https:\/\/events.mh-service.de\/?page_id=3704"},"modified":"2025-06-09T07:19:14","modified_gmt":"2025-06-09T07:19:14","slug":"ft-day-2025","status":"publish","type":"page","link":"https:\/\/events.mh-service.de\/en\/ft-day-2025\/","title":{"rendered":"FT-Day 2025"},"content":{"rendered":"<div data-elementor-type=\"wp-page\" data-elementor-id=\"3704\" class=\"elementor elementor-3704\">\n\t\t\t\t<div class=\"elementor-element elementor-element-75cb4ad e-flex e-con-boxed e-con e-parent\" data-id=\"75cb4ad\" data-element_type=\"container\" data-e-type=\"container\">\n\t\t\t\t\t<div class=\"e-con-inner\">\n\t\t\t\t<div class=\"elementor-element elementor-element-4aca903 elementor-widget elementor-widget-image\" data-id=\"4aca903\" data-element_type=\"widget\" data-e-type=\"widget\" data-widget_type=\"image.default\">\n\t\t\t\t<div class=\"elementor-widget-container\">\n\t\t\t\t\t\t\t\t\t\t\t\t\t\t\t<img fetchpriority=\"high\" decoding=\"async\" width=\"1024\" height=\"270\" src=\"https:\/\/events.mh-service.de\/wp-content\/uploads\/2025\/06\/FT-Day-2025-1024x270.png\" class=\"attachment-large size-large wp-image-3706\" alt=\"\" srcset=\"https:\/\/events.mh-service.de\/wp-content\/uploads\/2025\/06\/FT-Day-2025-1024x270.png 1024w, https:\/\/events.mh-service.de\/wp-content\/uploads\/2025\/06\/FT-Day-2025-300x79.png 300w, https:\/\/events.mh-service.de\/wp-content\/uploads\/2025\/06\/FT-Day-2025-768x203.png 768w, https:\/\/events.mh-service.de\/wp-content\/uploads\/2025\/06\/FT-Day-2025-18x5.png 18w, https:\/\/events.mh-service.de\/wp-content\/uploads\/2025\/06\/FT-Day-2025-400x106.png 400w, https:\/\/events.mh-service.de\/wp-content\/uploads\/2025\/06\/FT-Day-2025-1120x296.png 1120w, https:\/\/events.mh-service.de\/wp-content\/uploads\/2025\/06\/FT-Day-2025-700x185.png 700w, https:\/\/events.mh-service.de\/wp-content\/uploads\/2025\/06\/FT-Day-2025.png 1231w\" sizes=\"(max-width: 1024px) 100vw, 1024px\" \/>\t\t\t\t\t\t\t\t\t\t\t\t\t\t\t<\/div>\n\t\t\t\t<\/div>\n\t\t\t\t\t<\/div>\n\t\t\t\t<\/div>\n\t\t<div class=\"elementor-element elementor-element-da8c008 e-grid e-con-boxed e-con e-parent\" data-id=\"da8c008\" data-element_type=\"container\" data-e-type=\"container\">\n\t\t\t\t\t<div class=\"e-con-inner\">\n\t\t\t\t<div class=\"elementor-element elementor-element-d6e6410 elementor-widget elementor-widget-image\" data-id=\"d6e6410\" data-element_type=\"widget\" data-e-type=\"widget\" data-widget_type=\"image.default\">\n\t\t\t\t<div class=\"elementor-widget-container\">\n\t\t\t\t\t\t\t\t\t\t\t\t\t\t\t<img decoding=\"async\" width=\"1024\" height=\"235\" src=\"https:\/\/events.mh-service.de\/wp-content\/uploads\/2025\/05\/Amped-Boxed-w-1024x235.png\" class=\"attachment-large size-large wp-image-3576\" alt=\"\" srcset=\"https:\/\/events.mh-service.de\/wp-content\/uploads\/2025\/05\/Amped-Boxed-w-1024x235.png 1024w, https:\/\/events.mh-service.de\/wp-content\/uploads\/2025\/05\/Amped-Boxed-w-300x69.png 300w, https:\/\/events.mh-service.de\/wp-content\/uploads\/2025\/05\/Amped-Boxed-w-768x176.png 768w, https:\/\/events.mh-service.de\/wp-content\/uploads\/2025\/05\/Amped-Boxed-w-1536x353.png 1536w, https:\/\/events.mh-service.de\/wp-content\/uploads\/2025\/05\/Amped-Boxed-w-2048x470.png 2048w, https:\/\/events.mh-service.de\/wp-content\/uploads\/2025\/05\/Amped-Boxed-w-18x4.png 18w, https:\/\/events.mh-service.de\/wp-content\/uploads\/2025\/05\/Amped-Boxed-w-400x92.png 400w, https:\/\/events.mh-service.de\/wp-content\/uploads\/2025\/05\/Amped-Boxed-w-1120x257.png 1120w, https:\/\/events.mh-service.de\/wp-content\/uploads\/2025\/05\/Amped-Boxed-w-700x161.png 700w\" sizes=\"(max-width: 1024px) 100vw, 1024px\" \/>\t\t\t\t\t\t\t\t\t\t\t\t\t\t\t<\/div>\n\t\t\t\t<\/div>\n\t\t\t\t<div class=\"elementor-element elementor-element-bb515fa elementor-widget elementor-widget-image\" data-id=\"bb515fa\" data-element_type=\"widget\" data-e-type=\"widget\" data-widget_type=\"image.default\">\n\t\t\t\t<div class=\"elementor-widget-container\">\n\t\t\t\t\t\t\t\t\t\t\t\t\t\t\t<img decoding=\"async\" width=\"1024\" height=\"235\" src=\"https:\/\/events.mh-service.de\/wp-content\/uploads\/2025\/06\/passware-boxed-1024x235.png\" class=\"attachment-large size-large wp-image-3707\" alt=\"\" srcset=\"https:\/\/events.mh-service.de\/wp-content\/uploads\/2025\/06\/passware-boxed-1024x235.png 1024w, https:\/\/events.mh-service.de\/wp-content\/uploads\/2025\/06\/passware-boxed-300x69.png 300w, https:\/\/events.mh-service.de\/wp-content\/uploads\/2025\/06\/passware-boxed-768x176.png 768w, https:\/\/events.mh-service.de\/wp-content\/uploads\/2025\/06\/passware-boxed-1536x353.png 1536w, https:\/\/events.mh-service.de\/wp-content\/uploads\/2025\/06\/passware-boxed-2048x470.png 2048w, https:\/\/events.mh-service.de\/wp-content\/uploads\/2025\/06\/passware-boxed-18x4.png 18w, https:\/\/events.mh-service.de\/wp-content\/uploads\/2025\/06\/passware-boxed-400x92.png 400w, https:\/\/events.mh-service.de\/wp-content\/uploads\/2025\/06\/passware-boxed-1120x257.png 1120w, https:\/\/events.mh-service.de\/wp-content\/uploads\/2025\/06\/passware-boxed-700x161.png 700w\" sizes=\"(max-width: 1024px) 100vw, 1024px\" \/>\t\t\t\t\t\t\t\t\t\t\t\t\t\t\t<\/div>\n\t\t\t\t<\/div>\n\t\t\t\t\t<\/div>\n\t\t\t\t<\/div>\n\t\t<div class=\"elementor-element elementor-element-46007ea e-flex e-con-boxed e-con e-parent\" data-id=\"46007ea\" data-element_type=\"container\" data-e-type=\"container\">\n\t\t\t\t\t<div class=\"e-con-inner\">\n\t\t<div class=\"elementor-element elementor-element-1bec2d2 e-con-full e-flex e-con e-child\" data-id=\"1bec2d2\" data-element_type=\"container\" data-e-type=\"container\">\n\t\t\t\t<div class=\"elementor-element elementor-element-b41c263 elementor-widget elementor-widget-heading\" data-id=\"b41c263\" data-element_type=\"widget\" data-e-type=\"widget\" data-widget_type=\"heading.default\">\n\t\t\t\t<div class=\"elementor-widget-container\">\n\t\t\t\t\t<h2 class=\"elementor-heading-title elementor-size-default\">Der FT-Day<\/h2>\t\t\t\t<\/div>\n\t\t\t\t<\/div>\n\t\t\t\t<div class=\"elementor-element elementor-element-11c8327 elementor-widget-divider--view-line elementor-widget elementor-widget-divider\" data-id=\"11c8327\" data-element_type=\"widget\" data-e-type=\"widget\" data-widget_type=\"divider.default\">\n\t\t\t\t<div class=\"elementor-widget-container\">\n\t\t\t\t\t\t\t<div class=\"elementor-divider\">\n\t\t\t<span class=\"elementor-divider-separator\">\n\t\t\t\t\t\t<\/span>\n\t\t<\/div>\n\t\t\t\t\t\t<\/div>\n\t\t\t\t<\/div>\n\t\t\t\t<div class=\"elementor-element elementor-element-4743040 elementor-widget elementor-widget-text-editor\" data-id=\"4743040\" data-element_type=\"widget\" data-e-type=\"widget\" data-widget_type=\"text-editor.default\">\n\t\t\t\t<div class=\"elementor-widget-container\">\n\t\t\t\t\t\t\t\t\t<h4>Der FT-Day: Deutschlands bedeutendste Fachkonferenz f\u00fcr die IT-Forensik \u2013 24.-25.09.2025<\/h4><h4>Herzlich Willkommen zum 17. Forensic Technology Day!<\/h4>\t\t\t\t\t\t\t\t<\/div>\n\t\t\t\t<\/div>\n\t\t\t\t<div class=\"elementor-element elementor-element-ab3a6f3 elementor-widget elementor-widget-text-editor\" data-id=\"ab3a6f3\" data-element_type=\"widget\" data-e-type=\"widget\" data-widget_type=\"text-editor.default\">\n\t\t\t\t<div class=\"elementor-widget-container\">\n\t\t\t\t\t\t\t\t\t<p>Der Forensic Technology Day ist bereits seit vielen Jahren die gr\u00f6\u00dfte und bedeutendste Konferenz f\u00fcr die IT-Forensik Branche in Deutschland.<br \/>Jedes Jahr sind f\u00fchrende internationale Software-Hersteller und IT-Forensik-Experten mit ihren Produkten und ihrem Fachwissen vertreten. Selbstverst\u00e4ndlich kommt auch das Networking mit Fachkollegen, unseren Software-Herstellern und Hardware-Experten nicht zu kurz. Hauptziel unseres FT-Days ist, dass wir Sie mit praktischem Wissen f\u00fcr Ihre t\u00e4gliche Arbeit unterst\u00fctzen k\u00f6nnen.<\/p><p>Die Teilnahme ist kostenfrei, jedoch nur m\u00f6glich f\u00fcr Teilnehmende aus Beh\u00f6rden und ausgew\u00e4hlte Firmen aus dem privaten Sektor.<\/p><p>Seien Sie dabei und erfahren Sie mehr \u00fcber die neuesten Herausforderungen und L\u00f6sungen der IT-Forensik.<\/p>\t\t\t\t\t\t\t\t<\/div>\n\t\t\t\t<\/div>\n\t\t\t\t<div class=\"elementor-element elementor-element-396db8e elementor-widget elementor-widget-text-editor\" data-id=\"396db8e\" data-element_type=\"widget\" data-e-type=\"widget\" data-widget_type=\"text-editor.default\">\n\t\t\t\t<div class=\"elementor-widget-container\">\n\t\t\t\t\t\t\t\t\t<h3><strong>Cybercrime im Fokus: Fundierte Analysen nach Cyber-Angriffen<\/strong><\/h3>\t\t\t\t\t\t\t\t<\/div>\n\t\t\t\t<\/div>\n\t\t\t\t<div class=\"elementor-element elementor-element-171783e elementor-widget elementor-widget-text-editor\" data-id=\"171783e\" data-element_type=\"widget\" data-e-type=\"widget\" data-widget_type=\"text-editor.default\">\n\t\t\t\t<div class=\"elementor-widget-container\">\n\t\t\t\t\t\t\t\t\t<p>Moderne Ermittlungsans\u00e4tze & effektive Tools im Einsatz<br data-start=\"163\" data-end=\"166\" \/>Sehen Sie live, wie innovative Tools wie der Rapid Threat Hunter in k\u00fcrzester Zeit Klarheit schaffen. F\u00fcr moderne Ermittlungen, wenn jede Minute z\u00e4hlt.<\/p><p data-start=\"326\" data-end=\"366\"><strong data-start=\"326\" data-end=\"366\">Rapid Threat Hunter<\/strong><\/p><p data-start=\"370\" data-end=\"421\"><strong data-start=\"370\" data-end=\"382\">Schnell:<\/strong> Erste Erkenntnisse in unter 1 Stunde<\/p><p data-start=\"424\" data-end=\"473\"><strong data-start=\"424\" data-end=\"438\">Effizient:<\/strong> Artefaktanalyse in nur 2 Stunden<\/p><p data-start=\"476\" data-end=\"594\"><strong data-start=\"476\" data-end=\"494\">Zielgerichtet:<\/strong> Nachverfolgung lateraler Bewegungen mit Zeitstempel und Bewertung bereits nach dem zweiten Artefakt<\/p>\t\t\t\t\t\t\t\t<\/div>\n\t\t\t\t<\/div>\n\t\t\t\t<div class=\"elementor-element elementor-element-1f3b976 elementor-widget elementor-widget-text-editor\" data-id=\"1f3b976\" data-element_type=\"widget\" data-e-type=\"widget\" data-widget_type=\"text-editor.default\">\n\t\t\t\t<div class=\"elementor-widget-container\">\n\t\t\t\t\t\t\t\t\t<h3><strong>Kryptow\u00e4hrungen im Visier<\/strong><\/h3>\t\t\t\t\t\t\t\t<\/div>\n\t\t\t\t<\/div>\n\t\t\t\t<div class=\"elementor-element elementor-element-c4ae4e3 elementor-widget elementor-widget-text-editor\" data-id=\"c4ae4e3\" data-element_type=\"widget\" data-e-type=\"widget\" data-widget_type=\"text-editor.default\">\n\t\t\t\t<div class=\"elementor-widget-container\">\n\t\t\t\t\t\t\t\t\t<p>Mit modernster Software entschl\u00fcsseln wir digitale Beweismittel und analysieren <strong data-start=\"1104\" data-end=\"1135\">Cryptowallets in Rekordzeit<\/strong> \u2013 zur <strong data-start=\"1142\" data-end=\"1194\">schnellen Sicherung, Bewertung und Beweisf\u00fchrung<\/strong>.<\/p>\t\t\t\t\t\t\t\t<\/div>\n\t\t\t\t<\/div>\n\t\t\t\t<div class=\"elementor-element elementor-element-d1035c4 elementor-widget elementor-widget-text-editor\" data-id=\"d1035c4\" data-element_type=\"widget\" data-e-type=\"widget\" data-widget_type=\"text-editor.default\">\n\t\t\t\t<div class=\"elementor-widget-container\">\n\t\t\t\t\t\t\t\t\t<h3><strong>Incident Response & Cybersicherheit<\/strong><\/h3>\t\t\t\t\t\t\t\t<\/div>\n\t\t\t\t<\/div>\n\t\t\t\t<div class=\"elementor-element elementor-element-dec39e5 elementor-widget elementor-widget-text-editor\" data-id=\"dec39e5\" data-element_type=\"widget\" data-e-type=\"widget\" data-widget_type=\"text-editor.default\">\n\t\t\t\t<div class=\"elementor-widget-container\">\n\t\t\t\t\t\t\t\t\t<p>Sch\u00fctzen Sie Ihr Unternehmen nachhaltig vor Cyberbedrohungen! Unsere <strong data-start=\"1308\" data-end=\"1349\">ma\u00dfgeschneiderten Sicherheitsl\u00f6sungen<\/strong> kombinieren <strong data-start=\"1362\" data-end=\"1456\">pr\u00e4ventiven Schutz, proaktive Bedrohungserkennung und professionelle Reaktion im Ernstfall<\/strong> \u2013 f\u00fcr maximale digitale Resilienz.<\/p>\t\t\t\t\t\t\t\t<\/div>\n\t\t\t\t<\/div>\n\t\t\t\t<div class=\"elementor-element elementor-element-03cdb01 elementor-widget elementor-widget-spacer\" data-id=\"03cdb01\" data-element_type=\"widget\" data-e-type=\"widget\" data-widget_type=\"spacer.default\">\n\t\t\t\t<div class=\"elementor-widget-container\">\n\t\t\t\t\t\t\t<div class=\"elementor-spacer\">\n\t\t\t<div class=\"elementor-spacer-inner\"><\/div>\n\t\t<\/div>\n\t\t\t\t\t\t<\/div>\n\t\t\t\t<\/div>\n\t\t\t\t<div class=\"elementor-element elementor-element-5c02c95 elementor-widget elementor-widget-text-editor\" data-id=\"5c02c95\" data-element_type=\"widget\" data-e-type=\"widget\" data-widget_type=\"text-editor.default\">\n\t\t\t\t<div class=\"elementor-widget-container\">\n\t\t\t\t\t\t\t\t\t<h3>Wo?<\/h3>\t\t\t\t\t\t\t\t<\/div>\n\t\t\t\t<\/div>\n\t\t\t\t<div class=\"elementor-element elementor-element-34748ef elementor-widget elementor-widget-text-editor\" data-id=\"34748ef\" data-element_type=\"widget\" data-e-type=\"widget\" data-widget_type=\"text-editor.default\">\n\t\t\t\t<div class=\"elementor-widget-container\">\n\t\t\t\t\t\t\t\t\t<p>mh Service HQ<br \/>Barthelsm\u00fchlring 24<br \/>76870 Kandel<\/p>\t\t\t\t\t\t\t\t<\/div>\n\t\t\t\t<\/div>\n\t\t\t\t<\/div>\n\t\t\t\t<div class=\"elementor-element elementor-element-37bf4e6 elementor-widget elementor-widget-heading\" data-id=\"37bf4e6\" data-element_type=\"widget\" data-e-type=\"widget\" data-widget_type=\"heading.default\">\n\t\t\t\t<div class=\"elementor-widget-container\">\n\t\t\t\t\t<h2 class=\"elementor-heading-title elementor-size-default\">Wer sollte teilnehmen<\/h2>\t\t\t\t<\/div>\n\t\t\t\t<\/div>\n\t\t\t\t<div class=\"elementor-element elementor-element-3c8febd elementor-widget-divider--view-line elementor-widget elementor-widget-divider\" data-id=\"3c8febd\" data-element_type=\"widget\" data-e-type=\"widget\" data-widget_type=\"divider.default\">\n\t\t\t\t<div class=\"elementor-widget-container\">\n\t\t\t\t\t\t\t<div class=\"elementor-divider\">\n\t\t\t<span class=\"elementor-divider-separator\">\n\t\t\t\t\t\t<\/span>\n\t\t<\/div>\n\t\t\t\t\t\t<\/div>\n\t\t\t\t<\/div>\n\t\t\t\t<div class=\"elementor-element elementor-element-ed89678 elementor-widget elementor-widget-text-editor\" data-id=\"ed89678\" data-element_type=\"widget\" data-e-type=\"widget\" data-widget_type=\"text-editor.default\">\n\t\t\t\t<div class=\"elementor-widget-container\">\n\t\t\t\t\t\t\t\t\tInformationssicherheitsexperten | Incident-Response-Teams | Wirtschaftspr\u00fcfer und Ermittler f\u00fcr Finanzbetrug<br>IT-Forensiker und Ermittler | Sicherheits- und Strafverfolgungsbeh\u00f6rden\t\t\t\t\t\t\t\t<\/div>\n\t\t\t\t<\/div>\n\t\t\t\t\t<\/div>\n\t\t\t\t<\/div>\n\t\t<div class=\"elementor-element elementor-element-dd6c8a3 e-grid e-con-boxed e-con e-parent\" data-id=\"dd6c8a3\" data-element_type=\"container\" data-e-type=\"container\">\n\t\t\t\t\t<div class=\"e-con-inner\">\n\t\t\t\t<div class=\"elementor-element elementor-element-46a8fb4 elementor-widget elementor-widget-image\" data-id=\"46a8fb4\" data-element_type=\"widget\" data-e-type=\"widget\" data-widget_type=\"image.default\">\n\t\t\t\t<div class=\"elementor-widget-container\">\n\t\t\t\t\t\t\t\t\t\t\t\t\t\t\t<img loading=\"lazy\" decoding=\"async\" width=\"150\" height=\"150\" src=\"https:\/\/events.mh-service.de\/wp-content\/uploads\/2025\/01\/government4-150x150-w.png\" class=\"attachment-large size-large wp-image-3407\" alt=\"\" srcset=\"https:\/\/events.mh-service.de\/wp-content\/uploads\/2025\/01\/government4-150x150-w.png 150w, https:\/\/events.mh-service.de\/wp-content\/uploads\/2025\/01\/government4-150x150-w-90x90.png 90w\" sizes=\"(max-width: 150px) 100vw, 150px\" \/>\t\t\t\t\t\t\t\t\t\t\t\t\t\t\t<\/div>\n\t\t\t\t<\/div>\n\t\t\t\t<div class=\"elementor-element elementor-element-3b65b64 elementor-widget elementor-widget-image\" data-id=\"3b65b64\" data-element_type=\"widget\" data-e-type=\"widget\" data-widget_type=\"image.default\">\n\t\t\t\t<div class=\"elementor-widget-container\">\n\t\t\t\t\t\t\t\t\t\t\t\t\t\t\t<img loading=\"lazy\" decoding=\"async\" width=\"150\" height=\"150\" src=\"https:\/\/events.mh-service.de\/wp-content\/uploads\/2025\/01\/emblem1-150x150-w.png\" class=\"attachment-large size-large wp-image-3408\" alt=\"\" srcset=\"https:\/\/events.mh-service.de\/wp-content\/uploads\/2025\/01\/emblem1-150x150-w.png 150w, https:\/\/events.mh-service.de\/wp-content\/uploads\/2025\/01\/emblem1-150x150-w-90x90.png 90w\" sizes=\"(max-width: 150px) 100vw, 150px\" \/>\t\t\t\t\t\t\t\t\t\t\t\t\t\t\t<\/div>\n\t\t\t\t<\/div>\n\t\t\t\t<div class=\"elementor-element elementor-element-5bdb13c elementor-widget elementor-widget-image\" data-id=\"5bdb13c\" data-element_type=\"widget\" data-e-type=\"widget\" data-widget_type=\"image.default\">\n\t\t\t\t<div class=\"elementor-widget-container\">\n\t\t\t\t\t\t\t\t\t\t\t\t\t\t\t<img loading=\"lazy\" decoding=\"async\" width=\"150\" height=\"150\" src=\"https:\/\/events.mh-service.de\/wp-content\/uploads\/2025\/01\/office-building1-150x150-w.png\" class=\"attachment-large size-large wp-image-3409\" alt=\"\" srcset=\"https:\/\/events.mh-service.de\/wp-content\/uploads\/2025\/01\/office-building1-150x150-w.png 150w, https:\/\/events.mh-service.de\/wp-content\/uploads\/2025\/01\/office-building1-150x150-w-90x90.png 90w\" sizes=\"(max-width: 150px) 100vw, 150px\" \/>\t\t\t\t\t\t\t\t\t\t\t\t\t\t\t<\/div>\n\t\t\t\t<\/div>\n\t\t\t\t<div class=\"elementor-element elementor-element-456e2cb elementor-widget elementor-widget-image\" data-id=\"456e2cb\" data-element_type=\"widget\" data-e-type=\"widget\" data-widget_type=\"image.default\">\n\t\t\t\t<div class=\"elementor-widget-container\">\n\t\t\t\t\t\t\t\t\t\t\t\t\t\t\t<img loading=\"lazy\" decoding=\"async\" width=\"150\" height=\"150\" src=\"https:\/\/events.mh-service.de\/wp-content\/uploads\/2025\/01\/knowledge2-150x150-w.png\" class=\"attachment-large size-large wp-image-3410\" alt=\"\" srcset=\"https:\/\/events.mh-service.de\/wp-content\/uploads\/2025\/01\/knowledge2-150x150-w.png 150w, https:\/\/events.mh-service.de\/wp-content\/uploads\/2025\/01\/knowledge2-150x150-w-90x90.png 90w\" sizes=\"(max-width: 150px) 100vw, 150px\" \/>\t\t\t\t\t\t\t\t\t\t\t\t\t\t\t<\/div>\n\t\t\t\t<\/div>\n\t\t\t\t<div class=\"elementor-element elementor-element-f3bba0e elementor-widget elementor-widget-text-editor\" data-id=\"f3bba0e\" data-element_type=\"widget\" data-e-type=\"widget\" data-widget_type=\"text-editor.default\">\n\t\t\t\t<div class=\"elementor-widget-container\">\n\t\t\t\t\t\t\t\t\t<p><strong>Government<\/strong><\/p>\t\t\t\t\t\t\t\t<\/div>\n\t\t\t\t<\/div>\n\t\t\t\t<div class=\"elementor-element elementor-element-03eef43 elementor-widget elementor-widget-text-editor\" data-id=\"03eef43\" data-element_type=\"widget\" data-e-type=\"widget\" data-widget_type=\"text-editor.default\">\n\t\t\t\t<div class=\"elementor-widget-container\">\n\t\t\t\t\t\t\t\t\t<p><strong>Law Enforcement<\/strong><\/p>\t\t\t\t\t\t\t\t<\/div>\n\t\t\t\t<\/div>\n\t\t\t\t<div class=\"elementor-element elementor-element-1506067 elementor-widget elementor-widget-text-editor\" data-id=\"1506067\" data-element_type=\"widget\" data-e-type=\"widget\" data-widget_type=\"text-editor.default\">\n\t\t\t\t<div class=\"elementor-widget-container\">\n\t\t\t\t\t\t\t\t\t<p><strong>Enterprise<\/strong><\/p>\t\t\t\t\t\t\t\t<\/div>\n\t\t\t\t<\/div>\n\t\t\t\t<div class=\"elementor-element elementor-element-412789f elementor-widget elementor-widget-text-editor\" data-id=\"412789f\" data-element_type=\"widget\" data-e-type=\"widget\" data-widget_type=\"text-editor.default\">\n\t\t\t\t<div class=\"elementor-widget-container\">\n\t\t\t\t\t\t\t\t\t<p><strong>Academic Institutions<\/strong><\/p>\t\t\t\t\t\t\t\t<\/div>\n\t\t\t\t<\/div>\n\t\t\t\t\t<\/div>\n\t\t\t\t<\/div>\n\t\t<div class=\"elementor-element elementor-element-7e4c900 e-flex e-con-boxed e-con e-parent\" data-id=\"7e4c900\" data-element_type=\"container\" data-e-type=\"container\">\n\t\t\t\t\t<div class=\"e-con-inner\">\n\t\t\t\t<div class=\"elementor-element elementor-element-1e324f8 elementor-widget elementor-widget-spacer\" data-id=\"1e324f8\" data-element_type=\"widget\" data-e-type=\"widget\" data-widget_type=\"spacer.default\">\n\t\t\t\t<div class=\"elementor-widget-container\">\n\t\t\t\t\t\t\t<div class=\"elementor-spacer\">\n\t\t\t<div class=\"elementor-spacer-inner\"><\/div>\n\t\t<\/div>\n\t\t\t\t\t\t<\/div>\n\t\t\t\t<\/div>\n\t\t\t\t\t<\/div>\n\t\t\t\t<\/div>\n\t\t\t\t<\/div>","protected":false},"excerpt":{"rendered":"<p>Der FT-Day Der FT-Day: Deutschlands bedeutendste Fachkonferenz f\u00fcr die IT-Forensik \u2013 24.-25.09.2025 Herzlich Willkommen zum 17. Forensic Technology Day! Der Forensic Technology Day ist [&hellip;]<\/p>\n","protected":false},"author":1,"featured_media":0,"parent":0,"menu_order":0,"comment_status":"closed","ping_status":"closed","template":"page-custom.php","meta":{"_acf_changed":false,"footnotes":""},"class_list":["post-3704","page","type-page","status-publish","hentry"],"acf":{"full_width":false,"header_transparent":false,"header_white":false},"_links":{"self":[{"href":"https:\/\/events.mh-service.de\/en\/wp-json\/wp\/v2\/pages\/3704","targetHints":{"allow":["GET"]}}],"collection":[{"href":"https:\/\/events.mh-service.de\/en\/wp-json\/wp\/v2\/pages"}],"about":[{"href":"https:\/\/events.mh-service.de\/en\/wp-json\/wp\/v2\/types\/page"}],"author":[{"embeddable":true,"href":"https:\/\/events.mh-service.de\/en\/wp-json\/wp\/v2\/users\/1"}],"replies":[{"embeddable":true,"href":"https:\/\/events.mh-service.de\/en\/wp-json\/wp\/v2\/comments?post=3704"}],"version-history":[{"count":15,"href":"https:\/\/events.mh-service.de\/en\/wp-json\/wp\/v2\/pages\/3704\/revisions"}],"predecessor-version":[{"id":3891,"href":"https:\/\/events.mh-service.de\/en\/wp-json\/wp\/v2\/pages\/3704\/revisions\/3891"}],"wp:attachment":[{"href":"https:\/\/events.mh-service.de\/en\/wp-json\/wp\/v2\/media?parent=3704"}],"curies":[{"name":"wp","href":"https:\/\/api.w.org\/{rel}","templated":true}]}}