{"id":3734,"date":"2025-06-09T07:41:46","date_gmt":"2025-06-09T07:41:46","guid":{"rendered":"https:\/\/events.mh-service.de\/?page_id=3734"},"modified":"2025-06-09T09:45:54","modified_gmt":"2025-06-09T09:45:54","slug":"ft-day-exhibitor","status":"publish","type":"page","link":"https:\/\/events.mh-service.de\/en\/ft-day-exhibitor\/","title":{"rendered":"FT-Day Exhibitor"},"content":{"rendered":"<div data-elementor-type=\"wp-page\" data-elementor-id=\"3734\" class=\"elementor elementor-3734\">\n\t\t\t\t<div class=\"elementor-element elementor-element-89b2f8b e-flex e-con-boxed e-con e-parent\" data-id=\"89b2f8b\" data-element_type=\"container\" data-e-type=\"container\">\n\t\t\t\t\t<div class=\"e-con-inner\">\n\t\t\t\t<div class=\"elementor-element elementor-element-9ed7e4d elementor-widget elementor-widget-spacer\" data-id=\"9ed7e4d\" data-element_type=\"widget\" data-e-type=\"widget\" data-widget_type=\"spacer.default\">\n\t\t\t\t<div class=\"elementor-widget-container\">\n\t\t\t\t\t\t\t<div class=\"elementor-spacer\">\n\t\t\t<div class=\"elementor-spacer-inner\"><\/div>\n\t\t<\/div>\n\t\t\t\t\t\t<\/div>\n\t\t\t\t<\/div>\n\t\t\t\t<div class=\"elementor-element elementor-element-addc84c elementor-widget elementor-widget-heading\" data-id=\"addc84c\" data-element_type=\"widget\" data-e-type=\"widget\" data-widget_type=\"heading.default\">\n\t\t\t\t<div class=\"elementor-widget-container\">\n\t\t\t\t\t<h2 class=\"elementor-heading-title elementor-size-default\">demn\u00e4chst verf\u00fcgbar<\/h2>\t\t\t\t<\/div>\n\t\t\t\t<\/div>\n\t\t\t\t\t<\/div>\n\t\t\t\t<\/div>\n\t\t<div class=\"elementor-element elementor-element-286d90f e-flex e-con-boxed e-con e-parent\" data-id=\"286d90f\" data-element_type=\"container\" data-e-type=\"container\">\n\t\t\t\t\t<div class=\"e-con-inner\">\n\t\t\t\t<div class=\"elementor-element elementor-element-ffcba9e elementor-widget elementor-widget-spacer\" data-id=\"ffcba9e\" data-element_type=\"widget\" data-e-type=\"widget\" data-widget_type=\"spacer.default\">\n\t\t\t\t<div class=\"elementor-widget-container\">\n\t\t\t\t\t\t\t<div class=\"elementor-spacer\">\n\t\t\t<div class=\"elementor-spacer-inner\"><\/div>\n\t\t<\/div>\n\t\t\t\t\t\t<\/div>\n\t\t\t\t<\/div>\n\t\t\t\t<div class=\"elementor-element elementor-element-72a6ed6 elementor-position-left elementor-vertical-align-middle elementor-widget elementor-widget-image-box\" data-id=\"72a6ed6\" data-element_type=\"widget\" data-e-type=\"widget\" data-widget_type=\"image-box.default\">\n\t\t\t\t<div class=\"elementor-widget-container\">\n\t\t\t\t\t<div class=\"elementor-image-box-wrapper\"><figure class=\"elementor-image-box-img\"><img fetchpriority=\"high\" decoding=\"async\" width=\"5498\" height=\"1263\" src=\"https:\/\/events.mh-service.de\/wp-content\/uploads\/2025\/05\/Amped-Boxed-w.png\" class=\"attachment-full size-full wp-image-3576\" alt=\"\" srcset=\"https:\/\/events.mh-service.de\/wp-content\/uploads\/2025\/05\/Amped-Boxed-w.png 5498w, https:\/\/events.mh-service.de\/wp-content\/uploads\/2025\/05\/Amped-Boxed-w-300x69.png 300w, https:\/\/events.mh-service.de\/wp-content\/uploads\/2025\/05\/Amped-Boxed-w-1024x235.png 1024w, https:\/\/events.mh-service.de\/wp-content\/uploads\/2025\/05\/Amped-Boxed-w-768x176.png 768w, https:\/\/events.mh-service.de\/wp-content\/uploads\/2025\/05\/Amped-Boxed-w-1536x353.png 1536w, https:\/\/events.mh-service.de\/wp-content\/uploads\/2025\/05\/Amped-Boxed-w-2048x470.png 2048w, https:\/\/events.mh-service.de\/wp-content\/uploads\/2025\/05\/Amped-Boxed-w-18x4.png 18w, https:\/\/events.mh-service.de\/wp-content\/uploads\/2025\/05\/Amped-Boxed-w-400x92.png 400w, https:\/\/events.mh-service.de\/wp-content\/uploads\/2025\/05\/Amped-Boxed-w-1120x257.png 1120w, https:\/\/events.mh-service.de\/wp-content\/uploads\/2025\/05\/Amped-Boxed-w-700x161.png 700w\" sizes=\"(max-width: 5498px) 100vw, 5498px\" \/><\/figure><div class=\"elementor-image-box-content\"><h3 class=\"elementor-image-box-title\">Amped Software<\/h3><p class=\"elementor-image-box-description\">Amped Software setzt den Standard f\u00fcr Bild- und Video-Forensik.\nAmped Software entwickelt L\u00f6sungen f\u00fcr die forensische Analyse und Verbesserung von Bildern und Videos, um Organisationen umfassend bei allen Untersuchungen zu unterst\u00fctzen, angefangen von der Arbeit vor Ort, \u00fcber das forensische Labor bis hin zum Gerichtssaal. Das Unternehmen konzentriert sich auf die Entwicklung der fortschrittlichsten und vollst\u00e4ndigsten, aber gleichzeitig einfachen und benutzerfreundlichen Technologien f\u00fcr alle Belange der Bild- und Videoverarbeitung im Bereich Forensik, \u00f6ffentliche Sicherheit und nationale Sicherheit. Mit Schwerpunkt auf Transparenz hinsichtlich der verwendeten Verfahrensweisen, gew\u00e4hrleisten Amped-L\u00f6sungen dem Kunden die drei Hauptprinzipien wissenschaftlicher Methoden: Genauigkeit, Wiederholbarkeit und Reproduzierbarkeit.<\/p><\/div><\/div>\t\t\t\t<\/div>\n\t\t\t\t<\/div>\n\t\t\t\t<div class=\"elementor-element elementor-element-6f14357 elementor-position-left elementor-vertical-align-middle elementor-widget elementor-widget-image-box\" data-id=\"6f14357\" data-element_type=\"widget\" data-e-type=\"widget\" data-widget_type=\"image-box.default\">\n\t\t\t\t<div class=\"elementor-widget-container\">\n\t\t\t\t\t<div class=\"elementor-image-box-wrapper\"><figure class=\"elementor-image-box-img\"><img decoding=\"async\" width=\"2560\" height=\"588\" src=\"https:\/\/events.mh-service.de\/wp-content\/uploads\/2025\/06\/passware-boxed-scaled.png\" class=\"attachment-full size-full wp-image-3707\" alt=\"\" srcset=\"https:\/\/events.mh-service.de\/wp-content\/uploads\/2025\/06\/passware-boxed-scaled.png 2560w, https:\/\/events.mh-service.de\/wp-content\/uploads\/2025\/06\/passware-boxed-300x69.png 300w, https:\/\/events.mh-service.de\/wp-content\/uploads\/2025\/06\/passware-boxed-1024x235.png 1024w, https:\/\/events.mh-service.de\/wp-content\/uploads\/2025\/06\/passware-boxed-768x176.png 768w, https:\/\/events.mh-service.de\/wp-content\/uploads\/2025\/06\/passware-boxed-1536x353.png 1536w, https:\/\/events.mh-service.de\/wp-content\/uploads\/2025\/06\/passware-boxed-2048x470.png 2048w, https:\/\/events.mh-service.de\/wp-content\/uploads\/2025\/06\/passware-boxed-18x4.png 18w, https:\/\/events.mh-service.de\/wp-content\/uploads\/2025\/06\/passware-boxed-400x92.png 400w, https:\/\/events.mh-service.de\/wp-content\/uploads\/2025\/06\/passware-boxed-1120x257.png 1120w, https:\/\/events.mh-service.de\/wp-content\/uploads\/2025\/06\/passware-boxed-700x161.png 700w\" sizes=\"(max-width: 2560px) 100vw, 2560px\" \/><\/figure><div class=\"elementor-image-box-content\"><h3 class=\"elementor-image-box-title\">Passware<\/h3><p class=\"elementor-image-box-description\">Die Forensikprodukte von Passware werden von den besten Strafverfolgungsbeh\u00f6rden der Welt eingesetzt, um F\u00e4lle zu l\u00f6sen, die eine Entschl\u00fcsselung erfordern \u2013 mit einer Erfolgsquote von 70 Prozent! Passware wurde bereits erfolgreich zur Verhinderung von Nuklearterrorismus sowie zur Rettung von Geiseln eingesetzt und ist das Tool der Wahl von Strafverfolgungsbeh\u00f6rden, um die Ausbeutung von Kindern zu verhindern.<\/p><\/div><\/div>\t\t\t\t<\/div>\n\t\t\t\t<\/div>\n\t\t\t\t\t<\/div>\n\t\t\t\t<\/div>\n\t\t\t\t<\/div>","protected":false},"excerpt":{"rendered":"<p>demn\u00e4chst verf\u00fcgbar Amped Software Amped Software setzt den Standard f\u00fcr Bild- und Video-Forensik. Amped Software entwickelt L\u00f6sungen f\u00fcr die forensische Analyse und Verbesserung von [&hellip;]<\/p>\n","protected":false},"author":1,"featured_media":0,"parent":0,"menu_order":0,"comment_status":"closed","ping_status":"closed","template":"page-custom.php","meta":{"_acf_changed":false,"footnotes":""},"class_list":["post-3734","page","type-page","status-publish","hentry"],"acf":{"full_width":false,"header_transparent":false,"header_white":false},"_links":{"self":[{"href":"https:\/\/events.mh-service.de\/en\/wp-json\/wp\/v2\/pages\/3734","targetHints":{"allow":["GET"]}}],"collection":[{"href":"https:\/\/events.mh-service.de\/en\/wp-json\/wp\/v2\/pages"}],"about":[{"href":"https:\/\/events.mh-service.de\/en\/wp-json\/wp\/v2\/types\/page"}],"author":[{"embeddable":true,"href":"https:\/\/events.mh-service.de\/en\/wp-json\/wp\/v2\/users\/1"}],"replies":[{"embeddable":true,"href":"https:\/\/events.mh-service.de\/en\/wp-json\/wp\/v2\/comments?post=3734"}],"version-history":[{"count":10,"href":"https:\/\/events.mh-service.de\/en\/wp-json\/wp\/v2\/pages\/3734\/revisions"}],"predecessor-version":[{"id":3853,"href":"https:\/\/events.mh-service.de\/en\/wp-json\/wp\/v2\/pages\/3734\/revisions\/3853"}],"wp:attachment":[{"href":"https:\/\/events.mh-service.de\/en\/wp-json\/wp\/v2\/media?parent=3734"}],"curies":[{"name":"wp","href":"https:\/\/api.w.org\/{rel}","templated":true}]}}