{"id":3742,"date":"2025-06-09T07:48:09","date_gmt":"2025-06-09T07:48:09","guid":{"rendered":"https:\/\/events.mh-service.de\/?page_id=3742"},"modified":"2025-06-17T06:32:15","modified_gmt":"2025-06-17T06:32:15","slug":"ft-day-visitors-information","status":"publish","type":"page","link":"https:\/\/events.mh-service.de\/en\/ft-day-visitors-information\/","title":{"rendered":"FT-Day Visitors Information"},"content":{"rendered":"<div data-elementor-type=\"wp-page\" data-elementor-id=\"3742\" class=\"elementor elementor-3742\">\n\t\t\t\t<div class=\"elementor-element elementor-element-3d12f17 e-flex e-con-boxed e-con e-parent\" data-id=\"3d12f17\" data-element_type=\"container\" data-e-type=\"container\">\n\t\t\t\t\t<div class=\"e-con-inner\">\n\t\t\t\t<div class=\"elementor-element elementor-element-d3b7a14 elementor-widget elementor-widget-spacer\" data-id=\"d3b7a14\" data-element_type=\"widget\" data-e-type=\"widget\" data-widget_type=\"spacer.default\">\n\t\t\t\t<div class=\"elementor-widget-container\">\n\t\t\t\t\t\t\t<div class=\"elementor-spacer\">\n\t\t\t<div class=\"elementor-spacer-inner\"><\/div>\n\t\t<\/div>\n\t\t\t\t\t\t<\/div>\n\t\t\t\t<\/div>\n\t\t\t\t<div class=\"elementor-element elementor-element-0ee1b12 elementor-widget elementor-widget-heading\" data-id=\"0ee1b12\" data-element_type=\"widget\" data-e-type=\"widget\" data-widget_type=\"heading.default\">\n\t\t\t\t<div class=\"elementor-widget-container\">\n\t\t\t\t\t<h2 class=\"elementor-heading-title elementor-size-default\">Willkommen beim FT-Day<\/h2>\t\t\t\t<\/div>\n\t\t\t\t<\/div>\n\t\t\t\t<div class=\"elementor-element elementor-element-0bc090f elementor-widget elementor-widget-text-editor\" data-id=\"0bc090f\" data-element_type=\"widget\" data-e-type=\"widget\" data-widget_type=\"text-editor.default\">\n\t\t\t\t<div class=\"elementor-widget-container\">\n\t\t\t\t\t\t\t\t\t<p>Der FT-Day bietet dem fachkundigen Publikum erneut spannende und vielf\u00e4ltige Programmpunkte. Unsere internationalen Partner werden ihre neuesten Produktinnovationen und Visionen f\u00fcr die Zukunft der IT-Forensik vorstellen. Nat\u00fcrlich haben Sie als Besucher \u00fcber den Tag verteilt die M\u00f6glichkeit, sich mit Kollegen und Experten \u00fcber die neuesten Entwicklungen der Branche auszutauschen. Verpassen Sie au\u00dferdem nicht das vielf\u00e4ltige Angebot an Workshops unserer Partner. Das vorrangige Ziel der FT-Day Workshops ist, dass Sie mit dem erlernten Wissen einen praktischen Nutzen f\u00fcr Ihre t\u00e4gliche Arbeit gewinnen k\u00f6nnen. Die Teilnehmer lernen mehr \u00fcber die aktuellsten Themen der IT-Forensik wie Mobil- und Cloud-Forensik, Triage und vieles mehr. Die Anmeldung zum FT-Day ist kostenfrei. \u00a0 Der FT-Day ist nicht f\u00fcr die \u00d6ffentlichkeit zugelassen \u2013 er ist ausschlie\u00dflich f\u00fcr Besucher von nationalen und internationalen Sicherheitsbeh\u00f6rden und f\u00fcr ausgesuchte Firmenangeh\u00f6rige aus der Privatwirtschaft reserviert. Zum Einlass ist eine Legitimation mittels eines Personalausweises oder Dienstausweises n\u00f6tig. Eine Voranmeldung ist zwingend notwendig. \u00a0<\/p><p>Weitere Informationen:<\/p><ul><li><a href=\"https:\/\/ft-day.de\/anreise-und-hotels\">Anreise und Hotels<\/a><\/li><li><a href=\"https:\/\/ft-day.de\/en\/shuttle-fahrplan\">Von und nach Landau, Kandel, Herxheim-Hayna und Jockgrim wird morgens und abends ein kostenfreier Shuttle-Bus zur Verf\u00fcgung gestellt.<\/a><\/li><\/ul>\t\t\t\t\t\t\t\t<\/div>\n\t\t\t\t<\/div>\n\t\t\t\t\t<\/div>\n\t\t\t\t<\/div>\n\t\t\t\t<\/div>","protected":false},"excerpt":{"rendered":"<p>Willkommen beim FT-Day Der FT-Day bietet dem fachkundigen Publikum erneut spannende und vielf\u00e4ltige Programmpunkte. Unsere internationalen Partner werden ihre neuesten Produktinnovationen und Visionen f\u00fcr [&hellip;]<\/p>\n","protected":false},"author":1,"featured_media":0,"parent":0,"menu_order":0,"comment_status":"closed","ping_status":"closed","template":"page-custom.php","meta":{"_acf_changed":false,"footnotes":""},"class_list":["post-3742","page","type-page","status-publish","hentry"],"acf":{"full_width":false,"header_transparent":false,"header_white":false},"_links":{"self":[{"href":"https:\/\/events.mh-service.de\/en\/wp-json\/wp\/v2\/pages\/3742","targetHints":{"allow":["GET"]}}],"collection":[{"href":"https:\/\/events.mh-service.de\/en\/wp-json\/wp\/v2\/pages"}],"about":[{"href":"https:\/\/events.mh-service.de\/en\/wp-json\/wp\/v2\/types\/page"}],"author":[{"embeddable":true,"href":"https:\/\/events.mh-service.de\/en\/wp-json\/wp\/v2\/users\/1"}],"replies":[{"embeddable":true,"href":"https:\/\/events.mh-service.de\/en\/wp-json\/wp\/v2\/comments?post=3742"}],"version-history":[{"count":13,"href":"https:\/\/events.mh-service.de\/en\/wp-json\/wp\/v2\/pages\/3742\/revisions"}],"predecessor-version":[{"id":3898,"href":"https:\/\/events.mh-service.de\/en\/wp-json\/wp\/v2\/pages\/3742\/revisions\/3898"}],"wp:attachment":[{"href":"https:\/\/events.mh-service.de\/en\/wp-json\/wp\/v2\/media?parent=3742"}],"curies":[{"name":"wp","href":"https:\/\/api.w.org\/{rel}","templated":true}]}}